{"id":409,"date":"2020-09-10T06:53:58","date_gmt":"2020-09-10T06:53:58","guid":{"rendered":"https:\/\/srg-engineering.eu\/index.php\/home\/"},"modified":"2021-08-25T07:28:52","modified_gmt":"2021-08-25T07:28:52","slug":"home","status":"publish","type":"page","link":"https:\/\/srg-engineering.eu\/","title":{"rendered":"Home"},"content":{"rendered":"\n<div class=\"wp-block-cover alignfull has-background-dim-70 has-background-dim\" style=\"background-color:#01578c;min-height:650px;aspect-ratio:unset;\" id=\"home\"><img loading=\"lazy\" decoding=\"async\" width=\"1920\" height=\"1080\" class=\"wp-block-cover__image-background wp-image-154\" alt=\"\" src=\"https:\/\/srg-engineering.eu\/wp-content\/uploads\/2021\/07\/thisisengineering-raeng-hoivM01c-vg-unsplash-1-Large.jpg\" data-object-fit=\"cover\" srcset=\"https:\/\/srg-engineering.eu\/wp-content\/uploads\/2021\/07\/thisisengineering-raeng-hoivM01c-vg-unsplash-1-Large.jpg 1920w, https:\/\/srg-engineering.eu\/wp-content\/uploads\/2021\/07\/thisisengineering-raeng-hoivM01c-vg-unsplash-1-Large-300x169.jpg 300w, https:\/\/srg-engineering.eu\/wp-content\/uploads\/2021\/07\/thisisengineering-raeng-hoivM01c-vg-unsplash-1-Large-1024x576.jpg 1024w, https:\/\/srg-engineering.eu\/wp-content\/uploads\/2021\/07\/thisisengineering-raeng-hoivM01c-vg-unsplash-1-Large-768x432.jpg 768w, https:\/\/srg-engineering.eu\/wp-content\/uploads\/2021\/07\/thisisengineering-raeng-hoivM01c-vg-unsplash-1-Large-1536x864.jpg 1536w\" sizes=\"auto, (max-width: 1920px) 100vw, 1920px\" \/><div class=\"wp-block-cover__inner-container is-layout-flow wp-block-cover-is-layout-flow\">\n<div class=\"wp-block-columns are-vertically-aligned-center is-layout-flex wp-container-core-columns-is-layout-28f84493 wp-block-columns-is-layout-flex\">\n<div class=\"wp-block-column is-vertically-aligned-center is-layout-flow wp-block-column-is-layout-flow\" style=\"flex-basis:60%\">\n<h3 class=\"has-text-color wp-block-heading\" style=\"color:#d4e2ed\">Das f\u00fchrende Ingenieurb\u00fcro im Bereich<\/h3>\n\n\n\n<h1 class=\"has-white-color has-text-color wp-block-heading\">E-CAD<br>E-Engineering<\/h1>\n<\/div>\n\n\n\n<div class=\"wp-block-column is-vertically-aligned-center is-layout-flow wp-block-column-is-layout-flow\" style=\"flex-basis:40%\">\n<div id=\"Anfrage\" class=\"wp-block-group has-white-background-color has-text-color has-background is-layout-flow wp-block-group-is-layout-flow\" style=\"color:#333333\"><div class=\"wp-block-group__inner-container\">\n<h5 class=\"has-text-align-center wp-block-heading\">Ihre Anfrage<\/h5>\n\n\n\n<p><\/p>\n\n\n\n<hr class=\"wp-block-separator has-text-color has-background is-style-default\" style=\"background-color:#eaeaea;color:#eaeaea\"\/>\n\n\n<div class=\"wpforms-container wpforms-block\" id=\"wpforms-162\"><form id=\"wpforms-form-162\" class=\"wpforms-validate wpforms-form\" data-formid=\"162\" method=\"post\" enctype=\"multipart\/form-data\" action=\"\/index.php\/wp-json\/wp\/v2\/pages\/409\" data-token=\"fc2182f4c5bd7a434f944ccb73653237\" data-token-time=\"1776136063\"><noscript class=\"wpforms-error-noscript\">Bitte aktiviere JavaScript in deinem Browser, um dieses Formular fertigzustellen.<\/noscript><div class=\"wpforms-field-container\"><div id=\"wpforms-162-field_0-container\" class=\"wpforms-field wpforms-field-name\" data-field-id=\"0\"><label class=\"wpforms-field-label wpforms-label-hide\" for=\"wpforms-162-field_0\">Name <span class=\"wpforms-required-label\">*<\/span><\/label><div class=\"wpforms-field-row wpforms-field-large\"><div class=\"wpforms-field-row-block wpforms-first wpforms-one-half\"><input type=\"text\" id=\"wpforms-162-field_0\" class=\"wpforms-field-name-first wpforms-field-required\" name=\"wpforms[fields][0][first]\" placeholder=\"Vorname\" required><label for=\"wpforms-162-field_0\" class=\"wpforms-field-sublabel after wpforms-sublabel-hide\">Vorname<\/label><\/div><div class=\"wpforms-field-row-block wpforms-one-half\"><input type=\"text\" id=\"wpforms-162-field_0-last\" class=\"wpforms-field-name-last wpforms-field-required\" name=\"wpforms[fields][0][last]\" placeholder=\"Nachname\" required><label for=\"wpforms-162-field_0-last\" class=\"wpforms-field-sublabel after wpforms-sublabel-hide\">Nachname<\/label><\/div><\/div><\/div><div id=\"wpforms-162-field_3-container\" class=\"wpforms-field wpforms-field-text\" data-field-id=\"3\"><label class=\"wpforms-field-label wpforms-label-hide\" for=\"wpforms-162-field_3\">Phone <span class=\"wpforms-required-label\">*<\/span><\/label><input type=\"text\" id=\"wpforms-162-field_3\" class=\"wpforms-field-large wpforms-field-required\" name=\"wpforms[fields][3]\" placeholder=\"Telefon\" required><\/div><div id=\"wpforms-162-field_1-container\" class=\"wpforms-field wpforms-field-email\" data-field-id=\"1\"><label class=\"wpforms-field-label wpforms-label-hide\" for=\"wpforms-162-field_1\">Email <span class=\"wpforms-required-label\">*<\/span><\/label><input type=\"email\" id=\"wpforms-162-field_1\" class=\"wpforms-field-large wpforms-field-required\" name=\"wpforms[fields][1]\" placeholder=\"Email\" spellcheck=\"false\" required><\/div><div id=\"wpforms-162-field_2-container\" class=\"wpforms-field wpforms-field-textarea\" data-field-id=\"2\"><label class=\"wpforms-field-label wpforms-label-hide\" for=\"wpforms-162-field_2\">Message <span class=\"wpforms-required-label\">*<\/span><\/label><textarea id=\"wpforms-162-field_2\" class=\"wpforms-field-medium wpforms-field-required\" name=\"wpforms[fields][2]\" placeholder=\"Ihre Nachricht\" required><\/textarea><\/div><\/div><!-- .wpforms-field-container --><div class=\"wpforms-field wpforms-field-hp\"><label for=\"wpforms-162-field-hp\" class=\"wpforms-field-label\">Message<\/label><input type=\"text\" name=\"wpforms[hp]\" id=\"wpforms-162-field-hp\" class=\"wpforms-field-medium\"><\/div><div class=\"wpforms-submit-container\" ><input type=\"hidden\" name=\"wpforms[id]\" value=\"162\"><input type=\"hidden\" name=\"page_title\" value=\"\"><input type=\"hidden\" name=\"page_url\" value=\"https:\/\/srg-engineering.eu\/index.php\/wp-json\/wp\/v2\/pages\/409\"><button type=\"submit\" name=\"wpforms[submit]\" id=\"wpforms-submit-162\" class=\"wpforms-submit\" data-alt-text=\"Sending...\" data-submit-text=\"Abschicken\" aria-live=\"assertive\" value=\"wpforms-submit\">Abschicken<\/button><\/div><\/form><\/div>  <!-- .wpforms-container --><\/div><\/div>\n<\/div>\n<\/div>\n\n\n\n<p><\/p>\n<\/div><\/div>\n\n\n\n<div class=\"wp-block-group alignfull has-white-background-color has-background is-layout-flow wp-block-group-is-layout-flow\" id=\"\u00dcber\"><div class=\"wp-block-group__inner-container\">\n<div class=\"wp-block-media-text alignfull is-stacked-on-mobile is-vertically-aligned-center is-image-fill\"><figure class=\"wp-block-media-text__media\" style=\"background-image:url(https:\/\/srg-engineering.eu\/wp-content\/uploads\/2021\/07\/picture_web_front-1.png);background-position:50% 50%\"><img loading=\"lazy\" decoding=\"async\" width=\"605\" height=\"408\" src=\"https:\/\/srg-engineering.eu\/wp-content\/uploads\/2021\/07\/picture_web_front-1.png\" alt=\"\" class=\"wp-image-520 size-full\" srcset=\"https:\/\/srg-engineering.eu\/wp-content\/uploads\/2021\/07\/picture_web_front-1.png 605w, https:\/\/srg-engineering.eu\/wp-content\/uploads\/2021\/07\/picture_web_front-1-300x202.png 300w\" sizes=\"auto, (max-width: 605px) 100vw, 605px\" \/><\/figure><div class=\"wp-block-media-text__content\">\n<div class=\"wp-block-group is-layout-flow wp-block-group-is-layout-flow\"><div class=\"wp-block-group__inner-container\">\n<h2 class=\"has-text-align-left wp-block-heading\">\u00dcber SRG-Engineering<\/h2>\n\n\n\n<p id=\"About-us\">Die SRG Engineering GmbH wurde 2002 in Erlangen als Ingenieurb\u00fcro f\u00fcr Elektrotechnik gegr\u00fcndet. Unser Unternehmen steht f\u00fcr die Kombination von umfangreichem Know-how und Engineering-Tools gepaart mit technologischer Kompetenz. Neben den Bereichen Energieerzeugung und -verteilung, Schaltanlagen f\u00fcr Hoch-, Mittel- und Niederspannung sowie Antriebstechnik sind wir auch im Bereich der Steuerungs- und Automatisierungstechnik ein kompetenter Partner.<\/p>\n\n\n\n<p>Gegenstand unseres Unternehmens ist die Erbringung von Dienstleistungen im Bereich Elektrotechnik, Mechanik, Automotive, Informationstechnik, Programmierung, CAD\/CAE-Beratung, An- und Verkauf von technischen Ger\u00e4ten sowie deren Umbau, Logistik und Transport.<\/p>\n\n\n\n<p>Wir sind spezialisiert auf die Erstellung von Anlagendokumentationen f\u00fcr Hoch-, Mittel- und Niederspannungsschaltanlagen und -steuerungen. Insbesondere beim Einsatz von CAD\/CAE-Systemen zur Erstellung von Schaltpl\u00e4nen und Anlagendokumentation haben wir viele Schaltanlagenhersteller bei der Erstellung von Anlagendokumentationen unterst\u00fctzt.<\/p>\n\n\n\n<p>Zu unseren Kunden z\u00e4hlen gro\u00dfe Unternehmen der Elektroindustrie sowie viele kleine und mittelst\u00e4ndische Schaltanlagenhersteller. Unser Team besteht aus hochqualifizierten Ingenieuren mit langj\u00e4hriger Praxiserfahrung. Bei der Erstellung der Anlagendokumentation mit CAD\/ECAE-Systemen folgen wir h\u00f6chsten Qualit\u00e4tsstandards und Industrienormen.<\/p>\n\n\n\n<p><\/p>\n\n\n\n<p><\/p>\n\n\n\n<p><\/p>\n\n\n\n<div class=\"wp-block-buttons is-layout-flex wp-block-buttons-is-layout-flex\"><\/div>\n\n\n\n<p><\/p>\n<\/div><\/div>\n<\/div><\/div>\n\n\n\n<p><\/p>\n<\/div><\/div>\n\n\n\n<div class=\"wp-block-cover alignfull has-background-dim has-background-gradient is-position-center-center\" style=\"background:linear-gradient(180deg,rgb(255,255,255) 0%,rgb(246,249,249) 48%);min-height:650px;aspect-ratio:unset;\" id=\"Leistungen\"><div class=\"wp-block-cover__inner-container is-layout-flow wp-block-cover-is-layout-flow\">\n<h2 class=\"has-text-align-center has-text-color wp-block-heading\" id=\"Services\" style=\"color:#4a4a4a\">Unsere Dienstleistungen<\/h2>\n\n\n\n<h4 class=\"has-text-align-center wp-block-heading\">Wir erbringen unsere Dienstleistungen auf Basis der Normen ISO 9001:2000<br>sowie ISO 14001: 1996 f\u00fcr Umweltvertr\u00e4glichkeit.<\/h4>\n\n\n\n<div class=\"wp-block-columns are-vertically-aligned-top is-layout-flex wp-container-core-columns-is-layout-28f84493 wp-block-columns-is-layout-flex\">\n<div class=\"wp-block-column is-vertically-aligned-top is-layout-flow wp-block-column-is-layout-flow\">\n<div class=\"wp-block-group has-white-background-color has-background is-layout-flow wp-block-group-is-layout-flow\"><div class=\"wp-block-group__inner-container\">\n<h4 class=\"has-text-align-center has-text-color wp-block-heading\" style=\"color:#4a4a4a\">E-CAD Service<\/h4>\n\n\n\n<p class=\"has-text-align-center has-text-color\" style=\"color:#7a7a7a\">Wir sind ein erfahrener Anbieter von Elektro-CAD \/ CAE-Dienstleistungen. Die praktische Zusammenarbeit mit unseren Kunden richtet sich nach deren individuellen Anforderungen<\/p>\n<\/div><\/div>\n<\/div>\n\n\n\n<div class=\"wp-block-column is-vertically-aligned-top is-layout-flow wp-block-column-is-layout-flow\">\n<div class=\"wp-block-group has-white-background-color has-background is-layout-flow wp-block-group-is-layout-flow\"><div class=\"wp-block-group__inner-container\">\n<h4 class=\"has-text-align-center has-text-color wp-block-heading\" style=\"color:#4a4a4a\">Anlagen Dokumentationen <\/h4>\n\n\n\n<p class=\"has-text-align-center\"><span class=\"has-inline-color has-black-color\">Dokumentation von neuen und bestehenden Schaltanlagen und Verteilern inkl. Digitalisierung vorhandener Stromkreisunterlagen.<br>Erstellung von Dokumentationsverzeichnissen, Dokumentationsverwaltung und \u00c4nderungsservice f\u00fcr die Inventardokumente.<\/span><\/p>\n<\/div><\/div>\n<\/div>\n\n\n\n<div class=\"wp-block-column is-vertically-aligned-top is-layout-flow wp-block-column-is-layout-flow\">\n<div class=\"wp-block-group has-white-background-color has-background is-layout-flow wp-block-group-is-layout-flow\"><div class=\"wp-block-group__inner-container\">\n<h4 class=\"has-text-align-center has-text-color wp-block-heading\" style=\"color:#4a4a4a\">Hardwareengineering<\/h4>\n\n\n\n<p class=\"has-text-align-center\"><span class=\"has-inline-color has-black-color\">Wir bauen Hoch-, Mittel- und Niederspannungsschaltanlagen. Dabei haben wir die Qualit\u00e4t und das Budget der Projekte stets im Blick. Wir stellen die Einhaltung aller Kundenspezifikationen, aktueller Normen und l\u00e4nderspezifischer Ausf\u00fchrungsbestimmungen sicher.<\/span><\/p>\n<\/div><\/div>\n<\/div>\n<\/div>\n\n\n\n<p><\/p>\n<\/div><\/div>\n\n\n\n<div class=\"wp-block-group alignfull has-background is-layout-flow wp-block-group-is-layout-flow\" id=\"Kontakt\" style=\"background-color:#f6f9f9\"><div class=\"wp-block-group__inner-container\">\n<h2 class=\"has-text-align-center wp-block-heading\" id=\"Contact\">SRG-Engineering GmbH Kontakt<\/h2>\n\n\n\n<iframe src=\"https:\/\/www.google.com\/maps\/embed?pb=!1m18!1m12!1m3!1d2580.9976762624447!2d10.942818051813068!3d49.692016579276704!2m3!1f0!2f0!3f0!3m2!1i1024!2i768!4f13.1!3m3!1m2!1s0x47a21d1c15977ce5%3A0x128b10ab33407f72!2sSrg-e%20Engineering%20GmbH!5e0!3m2!1sen!2sde!4v1627552775302!5m2!1sen!2sde\" width=\"100%\" height=\"450\" style=\"border:0;\" allowfullscreen=\"\" loading=\"lazy\"><\/iframe>\n<\/div><\/div>\n\n\n\n<p><\/p>\n","protected":false},"excerpt":{"rendered":"<p>\u00dcber SRG-Engineering Die SRG Engineering GmbH wurde 2002 in Erlangen als Ingenieurb\u00fcro f\u00fcr Elektrotechnik gegr\u00fcndet. Unser Unternehmen steht f\u00fcr die Kombination von umfangreichem Know-how und Engineering-Tools gepaart mit technologischer Kompetenz. Neben den Bereichen Energieerzeugung und -verteilung, Schaltanlagen f\u00fcr Hoch-, Mittel- und Niederspannung sowie Antriebstechnik sind wir auch im Bereich der Steuerungs- und Automatisierungstechnik ein kompetenter [&hellip;]<\/p>\n","protected":false},"author":1,"featured_media":0,"parent":0,"menu_order":0,"comment_status":"closed","ping_status":"closed","template":"","meta":{"site-sidebar-layout":"default","site-content-layout":"default","ast-site-content-layout":"","site-content-style":"default","site-sidebar-style":"default","ast-global-header-display":"","ast-banner-title-visibility":"","ast-main-header-display":"","ast-hfb-above-header-display":"","ast-hfb-below-header-display":"","ast-hfb-mobile-header-display":"","site-post-title":"","ast-breadcrumbs-content":"","ast-featured-img":"","footer-sml-layout":"","theme-transparent-header-meta":"default","adv-header-id-meta":"","stick-header-meta":"","header-above-stick-meta":"","header-main-stick-meta":"","header-below-stick-meta":"","astra-migrate-meta-layouts":"default","ast-page-background-enabled":"default","ast-page-background-meta":{"desktop":{"background-color":"","background-image":"","background-repeat":"repeat","background-position":"center center","background-size":"auto","background-attachment":"scroll","background-type":"","background-media":"","overlay-type":"","overlay-color":"","overlay-opacity":"","overlay-gradient":""},"tablet":{"background-color":"","background-image":"","background-repeat":"repeat","background-position":"center center","background-size":"auto","background-attachment":"scroll","background-type":"","background-media":"","overlay-type":"","overlay-color":"","overlay-opacity":"","overlay-gradient":""},"mobile":{"background-color":"","background-image":"","background-repeat":"repeat","background-position":"center center","background-size":"auto","background-attachment":"scroll","background-type":"","background-media":"","overlay-type":"","overlay-color":"","overlay-opacity":"","overlay-gradient":""}},"ast-content-background-meta":{"desktop":{"background-color":"var(--ast-global-color-5)","background-image":"","background-repeat":"repeat","background-position":"center center","background-size":"auto","background-attachment":"scroll","background-type":"","background-media":"","overlay-type":"","overlay-color":"","overlay-opacity":"","overlay-gradient":""},"tablet":{"background-color":"var(--ast-global-color-5)","background-image":"","background-repeat":"repeat","background-position":"center center","background-size":"auto","background-attachment":"scroll","background-type":"","background-media":"","overlay-type":"","overlay-color":"","overlay-opacity":"","overlay-gradient":""},"mobile":{"background-color":"var(--ast-global-color-5)","background-image":"","background-repeat":"repeat","background-position":"center center","background-size":"auto","background-attachment":"scroll","background-type":"","background-media":"","overlay-type":"","overlay-color":"","overlay-opacity":"","overlay-gradient":""}},"footnotes":""},"class_list":["post-409","page","type-page","status-publish","hentry"],"_links":{"self":[{"href":"https:\/\/srg-engineering.eu\/index.php\/wp-json\/wp\/v2\/pages\/409","targetHints":{"allow":["GET"]}}],"collection":[{"href":"https:\/\/srg-engineering.eu\/index.php\/wp-json\/wp\/v2\/pages"}],"about":[{"href":"https:\/\/srg-engineering.eu\/index.php\/wp-json\/wp\/v2\/types\/page"}],"author":[{"embeddable":true,"href":"https:\/\/srg-engineering.eu\/index.php\/wp-json\/wp\/v2\/users\/1"}],"replies":[{"embeddable":true,"href":"https:\/\/srg-engineering.eu\/index.php\/wp-json\/wp\/v2\/comments?post=409"}],"version-history":[{"count":36,"href":"https:\/\/srg-engineering.eu\/index.php\/wp-json\/wp\/v2\/pages\/409\/revisions"}],"predecessor-version":[{"id":585,"href":"https:\/\/srg-engineering.eu\/index.php\/wp-json\/wp\/v2\/pages\/409\/revisions\/585"}],"wp:attachment":[{"href":"https:\/\/srg-engineering.eu\/index.php\/wp-json\/wp\/v2\/media?parent=409"}],"curies":[{"name":"wp","href":"https:\/\/api.w.org\/{rel}","templated":true}]}}